{"id":8,"date":"2022-08-26T22:19:30","date_gmt":"2022-08-27T04:19:30","guid":{"rendered":"http:\/\/nightwalksantamarias.com\/?page_id=8"},"modified":"2024-09-24T15:36:38","modified_gmt":"2024-09-24T21:36:38","slug":"home","status":"publish","type":"page","link":"https:\/\/nightwalksantamarias.com\/es\/","title":{"rendered":"Inicio"},"content":{"rendered":"<div class=\"wp-block-uagb-container uagb-block-5d31185b alignfull uagb-is-root-container\"><div class=\"uagb-container-inner-blocks-wrap\"><\/div><\/div>\n\n\n\n<div style=\"height:100px\" aria-hidden=\"true\" class=\"wp-block-spacer\"><\/div>\n\n\n\n<p class=\"has-text-align-center has-large-font-size\">Caminata Nocturna <strong>Santamarias<\/strong><\/p>\n\n\n\n<div class=\"wp-block-uagb-container uagb-block-0433a7e3 alignfull uagb-is-root-container\"><div class=\"uagb-container-inner-blocks-wrap\">\n<div class=\"wp-block-uagb-container uagb-block-e09c7ac2\">\n<div class=\"wp-block-uagb-info-box uagb-block-c06d08b2 uagb-infobox__content-wrap  uagb-infobox-icon-above-title uagb-infobox-image-valign-top\"><div class=\"uagb-ifb-content\"><div class=\"uagb-ifb-icon-wrap\"><svg xmlns=\"https:\/\/www.w3.org\/2000\/svg\" viewbox=\"0 0 384 512\"><path d=\"M168.3 499.2C116.1 435 0 279.4 0 192C0 85.96 85.96 0 192 0C298 0 384 85.96 384 192C384 279.4 267 435 215.7 499.2C203.4 514.5 180.6 514.5 168.3 499.2H168.3zM192 256C227.3 256 256 227.3 256 192C256 156.7 227.3 128 192 128C156.7 128 128 156.7 128 192C128 227.3 156.7 256 192 256z\"><\/path><\/svg><\/div><div class=\"uagb-ifb-title-wrap\"><h3 class=\"uagb-ifb-title\">Monteverde, CR<\/h3><\/div><p class=\"uagb-ifb-desc\">Estamos ubicados a 5 minutos del <br>pueblo de Santa Elena<\/p><div class=\"uagb-ifb-button-wrapper wp-block-button\"><a href=\"https:\/\/www.google.com\/maps\/d\/viewer?mid=1B1LWBAX_GQSsRpjO3K3T32s3UXr53LrN&amp;ll=10.322877884963027%2C-84.82519399732135&amp;z=14\" class=\"uagb-infobox-cta-link wp-block-button__link\" target=\"_blank\" rel=\"noopener noreferrer\" onclick=\"return true;\"><span class=\"uagb-inline-editing\">Mu\u00e9strame!<\/span><\/a><\/div><\/div><\/div>\n<\/div>\n\n\n\n<div class=\"wp-block-uagb-container uagb-block-79f3fb71\">\n<div class=\"wp-block-uagb-info-box uagb-block-cbd445ae uagb-infobox__content-wrap  uagb-infobox-icon-above-title uagb-infobox-image-valign-top\"><div class=\"uagb-ifb-content\"><div class=\"uagb-ifb-icon-wrap\"><svg xmlns=\"https:\/\/www.w3.org\/2000\/svg\" viewbox=\"0 0 384 512\"><path d=\"M320 0H64C37.5 0 16 21.5 16 48v416C16 490.5 37.5 512 64 512h256c26.5 0 48-21.5 48-48v-416C368 21.5 346.5 0 320 0zM240 447.1C240 456.8 232.8 464 224 464H159.1C151.2 464 144 456.8 144 448S151.2 432 160 432h64C232.8 432 240 439.2 240 447.1zM304 384h-224V64h224V384z\"><\/path><\/svg><\/div><div class=\"uagb-ifb-title-wrap\"><h3 class=\"uagb-ifb-title\">Llamanos! <\/h3><\/div><p class=\"uagb-ifb-desc\">+506 6176 3151<br>Whatsapp tambi\u00e9n es bienvenido!<\/p><div class=\"uagb-ifb-button-wrapper wp-block-button\"><a href=\"https:\/\/api.whatsapp.com\/send?phone=50661763151\" class=\"uagb-infobox-cta-link wp-block-button__link\" target=\"_self\" rel=\"noopener noreferrer\" onclick=\"return true;\"><span class=\"uagb-inline-editing\">Whatsapp!<\/span><\/a><\/div><\/div><\/div>\n<\/div>\n\n\n\n<div class=\"wp-block-uagb-container uagb-block-0288f134\">\n<div class=\"wp-block-uagb-info-box uagb-block-fc81d526 uagb-infobox__content-wrap  uagb-infobox-icon-above-title uagb-infobox-image-valign-top\"><div class=\"uagb-ifb-content\"><div class=\"uagb-ifb-icon-wrap\"><svg xmlns=\"https:\/\/www.w3.org\/2000\/svg\" viewbox=\"0 0 512 512\"><path d=\"M256 417.1c-16.38 0-32.88-4.1-46.88-15.12L0 250.9v213.1C0 490.5 21.5 512 48 512h416c26.5 0 48-21.5 48-47.1V250.9l-209.1 151.1C288.9 412 272.4 417.1 256 417.1zM493.6 163C484.8 156 476.4 149.5 464 140.1v-44.12c0-26.5-21.5-48-48-48l-77.5 .0016c-3.125-2.25-5.875-4.25-9.125-6.5C312.6 29.13 279.3-.3732 256 .0018C232.8-.3732 199.4 29.13 182.6 41.5c-3.25 2.25-6 4.25-9.125 6.5L96 48c-26.5 0-48 21.5-48 48v44.12C35.63 149.5 27.25 156 18.38 163C6.75 172 0 186 0 200.8v10.62l96 69.37V96h320v184.7l96-69.37V200.8C512 186 505.3 172 493.6 163zM176 255.1h160c8.836 0 16-7.164 16-15.1c0-8.838-7.164-16-16-16h-160c-8.836 0-16 7.162-16 16C160 248.8 167.2 255.1 176 255.1zM176 191.1h160c8.836 0 16-7.164 16-16c0-8.838-7.164-15.1-16-15.1h-160c-8.836 0-16 7.162-16 15.1C160 184.8 167.2 191.1 176 191.1z\"><\/path><\/svg><\/div><div class=\"uagb-ifb-title-wrap\"><h3 class=\"uagb-ifb-title\">Reserve con nosotros!<\/h3><\/div><p class=\"uagb-ifb-desc\">Listo para el tour? <br>Reservemos ya!<\/p><div class=\"uagb-ifb-button-wrapper wp-block-button\"><a href=\"https:\/\/book.peek.com\/s\/089dc0ef-8fd8-411f-bd97-9ab71c34f6f3\/vP8Yy\" class=\"uagb-infobox-cta-link wp-block-button__link\" target=\"_self\" rel=\"noopener noreferrer\" onclick=\"return true;\"><span class=\"uagb-inline-editing\">Reservar!<\/span><\/a><\/div><\/div><\/div>\n<\/div>\n<\/div><\/div>\n\n\n\n<div style=\"height:100px\" aria-hidden=\"true\" class=\"wp-block-spacer\"><\/div>\n\n\n\n<p class=\"has-text-align-center\">Nuestros experimentadso gu\u00edas le llevar\u00e1n por nuestra propiedad que combina un hermoso bosque con un \u00e1rea sostenible de caf\u00e9, banano y ca\u00f1a de az\u00facar. Una combinaci\u00f3n interesante del trabajo pasado de Monteverde con los nuevos esfuerzos de conservaci\u00f3n presentes en la comunidad.<\/p>\n\n\n\n<p class=\"has-text-align-center has-medium-font-size\"><strong>Mam\u00edferos, Aves, Serpientes, Insectos<\/strong> y el cambio del <strong>d\u00eda y la noche.<\/strong><\/p>\n\n\n\n<p class=\"has-text-align-center\">Todos nuestros gu\u00edas son nativos de Monteverde y pueblos aleda\u00f1os.<\/p>\n\n\n\n<p class=\"has-text-align-center\">Nuestra familia ha mantenido la propiedad desde 1948, e iniciando en la conservaci\u00f3n del bosque y protecci\u00f3n del ecosistema desde 2005.<\/p>\n\n\n\n<div style=\"height:100px\" aria-hidden=\"true\" class=\"wp-block-spacer\"><\/div>\n\n\n\n<div class=\"wp-block-nk-awb nk-awb nk-awb-16o02z\" data-ghostkit-styles=\".nk-awb-16o02z { margin-top: 10px; margin-bottom: 10px; padding-top: 100px; padding-bottom: 200px; margin-right: 0px; margin-left: 0px; padding-right: 100px; padding-left: 100px; }\"><div class=\"nk-awb-wrap\" data-awb-type=\"yt_vm_video\" data-awb-video=\"https:\/\/youtu.be\/HQ7g0qq-4G4?t=124\" data-awb-video-start-time=\"125\" data-awb-video-end-time=\"128\" data-awb-video-mobile=\"true\"><div class=\"nk-awb-inner is-layout-constrained wp-block-awb-is-layout-constrained\"><\/div><\/div>\n\n<p class=\"has-text-align-center has-white-color has-text-color\">COMING SOON<\/p>\n\n<\/div>\n\n\n\n<div style=\"height:100px\" aria-hidden=\"true\" class=\"wp-block-spacer\"><\/div>\n\n\n\n<p class=\"has-text-align-center\"><\/p>\n\n\n\t\t\t<div \n\t\t\tclass=\"wp-block-uagb-google-map uagb-google-map__wrap uagb-block-8bf0942c     wp-block-uagb-google-map uagb-google-map__wrap uagb-block-8bf0942c\"\n\t\t\tstyle=\"\" >\n\t\t\t\t<embed\n\t\t\t\t\tclass=\"uagb-google-map__iframe\"\n\t\t\t\t\ttitle=\"Google Map for \"\n\t\t\t\t\tsrc=\"https:\/\/maps.google.com\/maps?q=Santamarias%20Night%20walk&#038;z=12&#038;hl=en&#038;t=m&#038;output=embed&#038;iwloc=near\"\n\t\t\t\t\twidth=\"640\"\n\t\t\t\t\theight=\"300\"\n\t\t\t\t\tloading=\"lazy\"\n\t\t\t\t><\/embed>\n\t\t\t<\/div>\n\t\t\t\n\n\n<div style=\"height:100px\" aria-hidden=\"true\" class=\"wp-block-spacer\"><\/div>","protected":false},"excerpt":{"rendered":"<p>Santamarias Night Walk Tour Our experience guides will take you to our property which combines a beautiful forest, with a sustainable coffee, banana and sugar cain area. An interest combination of the past work of Monteverde with the new conservation efforts present on the community. Mammals, Birds, Snakes, Insects and the change of day and [&hellip;]<\/p>","protected":false},"author":1,"featured_media":0,"parent":0,"menu_order":0,"comment_status":"closed","ping_status":"closed","template":"","meta":{"_uag_custom_page_level_css":"","site-sidebar-layout":"default","site-content-layout":"","ast-site-content-layout":"default","site-content-style":"default","site-sidebar-style":"default","ast-global-header-display":"","ast-banner-title-visibility":"","ast-main-header-display":"","ast-hfb-above-header-display":"","ast-hfb-below-header-display":"","ast-hfb-mobile-header-display":"","site-post-title":"disabled","ast-breadcrumbs-content":"","ast-featured-img":"","footer-sml-layout":"","theme-transparent-header-meta":"","adv-header-id-meta":"","stick-header-meta":"","header-above-stick-meta":"","header-main-stick-meta":"","header-below-stick-meta":"","astra-migrate-meta-layouts":"set","ast-page-background-enabled":"default","ast-page-background-meta":{"desktop":{"background-color":"var(--ast-global-color-4)","background-image":"","background-repeat":"repeat","background-position":"center center","background-size":"auto","background-attachment":"scroll","background-type":"","background-media":"","overlay-type":"","overlay-color":"","overlay-opacity":"","overlay-gradient":""},"tablet":{"background-color":"","background-image":"","background-repeat":"repeat","background-position":"center center","background-size":"auto","background-attachment":"scroll","background-type":"","background-media":"","overlay-type":"","overlay-color":"","overlay-opacity":"","overlay-gradient":""},"mobile":{"background-color":"","background-image":"","background-repeat":"repeat","background-position":"center center","background-size":"auto","background-attachment":"scroll","background-type":"","background-media":"","overlay-type":"","overlay-color":"","overlay-opacity":"","overlay-gradient":""}},"ast-content-background-meta":{"desktop":{"background-color":"var(--ast-global-color-5)","background-image":"","background-repeat":"repeat","background-position":"center center","background-size":"auto","background-attachment":"scroll","background-type":"","background-media":"","overlay-type":"","overlay-color":"","overlay-opacity":"","overlay-gradient":""},"tablet":{"background-color":"var(--ast-global-color-5)","background-image":"","background-repeat":"repeat","background-position":"center center","background-size":"auto","background-attachment":"scroll","background-type":"","background-media":"","overlay-type":"","overlay-color":"","overlay-opacity":"","overlay-gradient":""},"mobile":{"background-color":"var(--ast-global-color-5)","background-image":"","background-repeat":"repeat","background-position":"center center","background-size":"auto","background-attachment":"scroll","background-type":"","background-media":"","overlay-type":"","overlay-color":"","overlay-opacity":"","overlay-gradient":""}},"footnotes":""},"class_list":["post-8","page","type-page","status-publish","hentry"],"uagb_featured_image_src":{"full":false,"thumbnail":false,"medium":false,"medium_large":false,"large":false,"1536x1536":false,"2048x2048":false,"trp-custom-language-flag":false,"awb_sm":false,"awb_md":false,"awb_lg":false,"awb_xl":false},"uagb_author_info":{"display_name":"Walter","author_link":"https:\/\/nightwalksantamarias.com\/es\/author\/walter\/"},"uagb_comment_info":0,"uagb_excerpt":"Santamarias Night Walk Tour Our experience guides will take you to our property which combines a beautiful forest, with a sustainable coffee, banana and sugar cain area. An interest combination of the past work of Monteverde with the new conservation efforts present on the community. Mammals, Birds, Snakes, Insects and the change of day and&hellip;","_links":{"self":[{"href":"https:\/\/nightwalksantamarias.com\/es\/wp-json\/wp\/v2\/pages\/8","targetHints":{"allow":["GET"]}}],"collection":[{"href":"https:\/\/nightwalksantamarias.com\/es\/wp-json\/wp\/v2\/pages"}],"about":[{"href":"https:\/\/nightwalksantamarias.com\/es\/wp-json\/wp\/v2\/types\/page"}],"author":[{"embeddable":true,"href":"https:\/\/nightwalksantamarias.com\/es\/wp-json\/wp\/v2\/users\/1"}],"replies":[{"embeddable":true,"href":"https:\/\/nightwalksantamarias.com\/es\/wp-json\/wp\/v2\/comments?post=8"}],"version-history":[{"count":51,"href":"https:\/\/nightwalksantamarias.com\/es\/wp-json\/wp\/v2\/pages\/8\/revisions"}],"predecessor-version":[{"id":176,"href":"https:\/\/nightwalksantamarias.com\/es\/wp-json\/wp\/v2\/pages\/8\/revisions\/176"}],"wp:attachment":[{"href":"https:\/\/nightwalksantamarias.com\/es\/wp-json\/wp\/v2\/media?parent=8"}],"curies":[{"name":"wp","href":"https:\/\/api.w.org\/{rel}","templated":true}]}}