{"id":131,"date":"2022-09-01T21:01:38","date_gmt":"2022-09-02T03:01:38","guid":{"rendered":"http:\/\/nightwalksantamarias.com\/?page_id=131"},"modified":"2022-09-01T21:01:38","modified_gmt":"2022-09-02T03:01:38","slug":"about-us","status":"publish","type":"page","link":"https:\/\/nightwalksantamarias.com\/es\/about-us\/","title":{"rendered":"Nosotros"},"content":{"rendered":"<div style=\"height:100px\" aria-hidden=\"true\" class=\"wp-block-spacer\"><\/div>\n\n\n\n<div class=\"wp-block-uagb-container uagb-block-f6540d36 alignwide uagb-is-root-container\">\n<div class=\"wp-block-uagb-advanced-heading uagb-block-e872e08c\"><h3 class=\"uagb-heading-text\">Santamarias Night Walk Tour<\/h3><p class=\"uagb-desc-text\">Familia Santamarias<\/p><\/div>\n\n\n\n<p class=\"has-ffffff-background-color has-background\">\u00a1Somos una peque\u00f1a empresa familiar ubicada en Monteverde! Los terrenos han sido propiedad de la familia Santamar\u00eda desde 1948, pero nuestro proyecto de protecci\u00f3n del medio ambiente comenz\u00f3 en 2005. Nuestro amor por la naturaleza nos lleva m\u00e1s all\u00e1, a descubrir los sonidos del atardecer y descubrir la vida nocturna del bosque. Nuestro principal objetivo es que puedas experimentar caminar por el bosque de noche.<\/p>\n\n\n\n<p class=\"has-ffffff-background-color has-background\">La propiedad, que tiene alrededor de 6 hect\u00e1reas, podemos disfrutar de una gran variedad de fauna, mam\u00edferos como el perezoso, mapaches, pizotes, coyotes, agut\u00edes, anfibios, serpientes e insectos diurnos y nocturnos. Adem\u00e1s de la flora, nuestro ecosistema cuenta con un bosque lluvioso de transici\u00f3n con bosque primario y secundario, donde podemos apreciar los famosos \u00e1rboles Ficus, tambi\u00e9n contamos con peque\u00f1as plantaciones de caf\u00e9, ca\u00f1a de az\u00facar y una gran variedad de pl\u00e1tanos. Durante el recorrido de la caminata se puede ver la transici\u00f3n del d\u00eda a la noche, podemos ver el despertar de los animales nocturnos, escuchar y observar la vida nocturna. No lo dudes, dar un paseo nocturno es una experiencia nueva que nadie deber\u00eda contarte.<\/p>\n<\/div>\n\n\n\n<div style=\"height:100px\" aria-hidden=\"true\" class=\"wp-block-spacer\"><\/div>\n\n\n\n<figure class=\"wp-block-image size-full is-style-default\" style=\"border-radius:33px\"><img loading=\"lazy\" decoding=\"async\" width=\"1741\" height=\"1162\" src=\"http:\/\/nightwalksantamarias.com\/wp-content\/uploads\/2022\/09\/Team2.jpg\" alt=\"\" class=\"wp-image-140\" srcset=\"https:\/\/nightwalksantamarias.com\/wp-content\/uploads\/2022\/09\/Team2.jpg 1741w, https:\/\/nightwalksantamarias.com\/wp-content\/uploads\/2022\/09\/Team2-300x200.jpg 300w, https:\/\/nightwalksantamarias.com\/wp-content\/uploads\/2022\/09\/Team2-1024x683.jpg 1024w, https:\/\/nightwalksantamarias.com\/wp-content\/uploads\/2022\/09\/Team2-768x513.jpg 768w, https:\/\/nightwalksantamarias.com\/wp-content\/uploads\/2022\/09\/Team2-1536x1025.jpg 1536w, https:\/\/nightwalksantamarias.com\/wp-content\/uploads\/2022\/09\/Team2-500x334.jpg 500w, https:\/\/nightwalksantamarias.com\/wp-content\/uploads\/2022\/09\/Team2-800x534.jpg 800w, https:\/\/nightwalksantamarias.com\/wp-content\/uploads\/2022\/09\/Team2-1280x854.jpg 1280w\" sizes=\"auto, (max-width: 1741px) 100vw, 1741px\" \/><\/figure>","protected":false},"excerpt":{"rendered":"<p>Santamarias Night Walk Tour Santamarias Family We are a small family business located in Monteverde! The property has been owned by the Santamaria\u2019s family since 1948, but our project to protect the environment began in 2005.Our love for nature takes us further, to discover the sounds of dusk and discover the night life of the [&hellip;]<\/p>","protected":false},"author":1,"featured_media":0,"parent":0,"menu_order":0,"comment_status":"closed","ping_status":"closed","template":"","meta":{"_uag_custom_page_level_css":"","site-sidebar-layout":"default","site-content-layout":"","ast-site-content-layout":"","site-content-style":"default","site-sidebar-style":"default","ast-global-header-display":"","ast-banner-title-visibility":"","ast-main-header-display":"","ast-hfb-above-header-display":"","ast-hfb-below-header-display":"","ast-hfb-mobile-header-display":"","site-post-title":"disabled","ast-breadcrumbs-content":"","ast-featured-img":"","footer-sml-layout":"","theme-transparent-header-meta":"","adv-header-id-meta":"","stick-header-meta":"","header-above-stick-meta":"","header-main-stick-meta":"","header-below-stick-meta":"","astra-migrate-meta-layouts":"default","ast-page-background-enabled":"default","ast-page-background-meta":{"desktop":{"background-color":"var(--ast-global-color-4)","background-image":"","background-repeat":"repeat","background-position":"center center","background-size":"auto","background-attachment":"scroll","background-type":"","background-media":"","overlay-type":"","overlay-color":"","overlay-opacity":"","overlay-gradient":""},"tablet":{"background-color":"","background-image":"","background-repeat":"repeat","background-position":"center center","background-size":"auto","background-attachment":"scroll","background-type":"","background-media":"","overlay-type":"","overlay-color":"","overlay-opacity":"","overlay-gradient":""},"mobile":{"background-color":"","background-image":"","background-repeat":"repeat","background-position":"center center","background-size":"auto","background-attachment":"scroll","background-type":"","background-media":"","overlay-type":"","overlay-color":"","overlay-opacity":"","overlay-gradient":""}},"ast-content-background-meta":{"desktop":{"background-color":"var(--ast-global-color-5)","background-image":"","background-repeat":"repeat","background-position":"center center","background-size":"auto","background-attachment":"scroll","background-type":"","background-media":"","overlay-type":"","overlay-color":"","overlay-opacity":"","overlay-gradient":""},"tablet":{"background-color":"var(--ast-global-color-5)","background-image":"","background-repeat":"repeat","background-position":"center center","background-size":"auto","background-attachment":"scroll","background-type":"","background-media":"","overlay-type":"","overlay-color":"","overlay-opacity":"","overlay-gradient":""},"mobile":{"background-color":"var(--ast-global-color-5)","background-image":"","background-repeat":"repeat","background-position":"center center","background-size":"auto","background-attachment":"scroll","background-type":"","background-media":"","overlay-type":"","overlay-color":"","overlay-opacity":"","overlay-gradient":""}},"footnotes":""},"class_list":["post-131","page","type-page","status-publish","hentry"],"uagb_featured_image_src":{"full":false,"thumbnail":false,"medium":false,"medium_large":false,"large":false,"1536x1536":false,"2048x2048":false,"trp-custom-language-flag":false,"awb_sm":false,"awb_md":false,"awb_lg":false,"awb_xl":false},"uagb_author_info":{"display_name":"Walter","author_link":"https:\/\/nightwalksantamarias.com\/es\/author\/walter\/"},"uagb_comment_info":0,"uagb_excerpt":"Santamarias Night Walk Tour Santamarias Family We are a small family business located in Monteverde! The property has been owned by the Santamaria\u2019s family since 1948, but our project to protect the environment began in 2005.Our love for nature takes us further, to discover the sounds of dusk and discover the night life of the&hellip;","_links":{"self":[{"href":"https:\/\/nightwalksantamarias.com\/es\/wp-json\/wp\/v2\/pages\/131","targetHints":{"allow":["GET"]}}],"collection":[{"href":"https:\/\/nightwalksantamarias.com\/es\/wp-json\/wp\/v2\/pages"}],"about":[{"href":"https:\/\/nightwalksantamarias.com\/es\/wp-json\/wp\/v2\/types\/page"}],"author":[{"embeddable":true,"href":"https:\/\/nightwalksantamarias.com\/es\/wp-json\/wp\/v2\/users\/1"}],"replies":[{"embeddable":true,"href":"https:\/\/nightwalksantamarias.com\/es\/wp-json\/wp\/v2\/comments?post=131"}],"version-history":[{"count":9,"href":"https:\/\/nightwalksantamarias.com\/es\/wp-json\/wp\/v2\/pages\/131\/revisions"}],"predecessor-version":[{"id":142,"href":"https:\/\/nightwalksantamarias.com\/es\/wp-json\/wp\/v2\/pages\/131\/revisions\/142"}],"wp:attachment":[{"href":"https:\/\/nightwalksantamarias.com\/es\/wp-json\/wp\/v2\/media?parent=131"}],"curies":[{"name":"wp","href":"https:\/\/api.w.org\/{rel}","templated":true}]}}